{"id":5,"date":"2019-03-13T10:16:38","date_gmt":"2019-03-13T09:16:38","guid":{"rendered":"http:\/\/claudeyacoub.com\/?page_id=5"},"modified":"2025-12-29T20:34:07","modified_gmt":"2025-12-29T19:34:07","slug":"bio-cv","status":"publish","type":"page","link":"https:\/\/claudeyacoub.com\/index.php\/bio-cv\/","title":{"rendered":"About Me"},"content":{"rendered":"\n<p><a href=\"mailto:contact@claudeyacoub.com\">Email: contact@claudeyacoub.com<br><\/a>Mobile France: + 33 6 31 17 78 95<br>Mobile USA: + 1 832 946 3635 (WhatsApp)<\/p>\n\n\n\n<p><p><a href=\"http:\/\/claudeyacoub.com\/index.php\/2019\/06\/13\/et-moi-et-moi-et-eux\/\"><img decoding=\"async\" loading=\"lazy\" width=\"214\" height=\"300\" class=\"alignnone wp-image-3659 size-medium\" src=\"http:\/\/claudeyacoub.com\/wp-content\/uploads\/2019\/04\/caricature-Cy1-214x300.jpg\" alt=\"\" srcset=\"https:\/\/claudeyacoub.com\/wp-content\/uploads\/2019\/04\/caricature-Cy1-214x300.jpg 214w, https:\/\/claudeyacoub.com\/wp-content\/uploads\/2019\/04\/caricature-Cy1.jpg 460w\" sizes=\"(max-width: 214px) 100vw, 214px\" \/><\/a><\/p> <p class=\"p1\">Claude Yacoub graduated from \u00c9cole Sp\u00e9ciale d\u2019Architecture with a degree in Architecture (1989) and a degree of Advanced Studies in Architecture and Urbanism (2008).<span class=\"Apple-converted-space\">\u00a0 <\/span>He also earned a Ph. D. in Information and Communication Science from University Paris 8 (2011).<span class=\"Apple-converted-space\">\u00a0<\/span><\/p> <p class=\"p1\">Yacoub served as a professional architect, urban planner, designer and artist for more than twenty years in both public and private sectors in France.<span class=\"Apple-converted-space\">\u00a0<\/span><\/p> <p class=\"p1\">For the past decade, he has dedicated himself as a full-time professor and researcher in architecture, civil engineering, urban planning, design, Hypermedia and fine arts in Paris, Fort-de-France, Damascus and Montreal.<\/p> <p class=\"p1\">He is currently an associate member of the Paragraphe Laboratory, University Paris 8.<\/p> <p class=\"p1\">Yacoub has authored numerous publications for conferences which include 01Design, HyperUrbain and Cide. He also co-authored several publications and coordinated seminars. He has been an active member of various scientific committees.<\/p> <p class=\"p1\">Yacoub is extremely involved in humanitarian work and has devoted several years full time to the issues of intangible and material reconstruction of post-conflict and post-natural disaster countries. This was done through the creation and spearheading of the NGO Ila Souria and its popular University. With the support of European Union, he planned and directed the training of architects and engineers in Syria, Turkey, Jordan and Lebanon. He has also led educational and creative workshops in refugee camps in these countries and also Haiti.<span class=\"Apple-converted-space\">\u00a0<\/span><\/p> <p class=\"p1\">In February 2020, Yacoub relocated to Houston, Texas. He teaches online architecture and design courses to <span class=\"Apple-converted-space\">\u00a0 \u00a0 <\/span>undergraduate and graduate students in Europe.<\/p> <p class=\"p1\">Yacoub collaborates with Ni Studio on international projects and competitions in architecture, interior design and public art.<\/p> <p class=\"p1\">In July 2021 he co-founded Namma &amp; Containers, LLC &#8211; Architectural Designers &amp; Builders.<span class=\"Apple-converted-space\">\u00a0 <\/span>Namma &amp; Containers offers shorter construction time, affordable, durable, transferable and alternative solutions for various architectural and design projects of superior qualities: aesthetical, technical and environmental.<span class=\"Apple-converted-space\">\u00a0<\/span><\/p> <p class=\"p1\">Yacoub\u2019s company is currently working on public housing, student housing, single family homes, commercial buildings and art installations in USA and France.<\/p> <p>\u00a0<\/p> <p><strong>CURRICULUM VIT\u00c6<br><\/strong><a rel=\"noopener noreferrer\" href=\"https:\/\/claudeyacoub.com\/wp-content\/uploads\/2022\/06\/Yacoub-CV-EN-2022-6.pdf\" target=\"_blank\">Download CV in English<\/a> (5 pages, PDF &#8211;\u00a0 90 Ko)<strong><br><\/strong><a rel=\"noopener noreferrer\" href=\"https:\/\/claudeyacoub.com\/wp-content\/uploads\/2023\/02\/Yacoub-CV-FR-2023-3-A4.pdf\" target=\"_blank\">T\u00e9l\u00e9charger CV en fran\u00e7ais<\/a> (6 pages, PDF &#8211; 118 Ko)<\/p> <p><strong>PORTFOLIOS<br><\/strong><a rel=\"noopener noreferrer\" href=\"https:\/\/claudeyacoub.com\/wp-content\/uploads\/2022\/06\/Yacoub-Portfolio-EN-2022-6-MinR.pdf\" target=\"_blank\">Download Portfolio in English<\/a> (44 pages, PDF &#8211; 5,7 Mo)<\/p> <p><a rel=\"noopener noreferrer\" href=\"https:\/\/claudeyacoub.com\/wp-content\/uploads\/2022\/06\/Yacoub-Portfolio-EN-2022-6-MinR.pdf\" target=\"_blank\"><img decoding=\"async\" loading=\"lazy\" width=\"192\" height=\"254\" class=\"alignnone  wp-image-45847\" src=\"https:\/\/claudeyacoub.com\/wp-content\/uploads\/2022\/02\/Yacoub-Portfolio-2022-2-Couverture.jpg\" alt=\"\"><\/a><\/p> <p><a rel=\"noopener noreferrer\" href=\"https:\/\/claudeyacoub.com\/wp-content\/uploads\/2022\/11\/Yacoub-Portfolio-FR-2022-11-BD.pdf\" target=\"_blank\">T\u00e9l\u00e9charger Portfolio en fran\u00e7ais &#8211; Version longue<\/a> (44 pages, PDF &#8211; 5,4 Mo)<\/p> <p><a rel=\"noopener noreferrer\" href=\"https:\/\/claudeyacoub.com\/wp-content\/uploads\/2022\/11\/Yacoub-Portfolio-FR-2022-11-BD.pdf\" target=\"_blank\"><img decoding=\"async\" loading=\"lazy\" width=\"188\" height=\"243\" class=\"alignnone wp-image-45856\" src=\"https:\/\/claudeyacoub.com\/wp-content\/uploads\/2022\/03\/Yacoub-Portfolio-FR-2022-2-Couv.jpg\" alt=\"\" srcset=\"https:\/\/claudeyacoub.com\/wp-content\/uploads\/2022\/03\/Yacoub-Portfolio-FR-2022-2-Couv.jpg 1776w, https:\/\/claudeyacoub.com\/wp-content\/uploads\/2022\/03\/Yacoub-Portfolio-FR-2022-2-Couv-232x300.jpg 232w, https:\/\/claudeyacoub.com\/wp-content\/uploads\/2022\/03\/Yacoub-Portfolio-FR-2022-2-Couv-768x994.jpg 768w, https:\/\/claudeyacoub.com\/wp-content\/uploads\/2022\/03\/Yacoub-Portfolio-FR-2022-2-Couv-791x1024.jpg 791w\" sizes=\"(max-width: 188px) 100vw, 188px\" \/><\/a><\/p> <p><a rel=\"noopener noreferrer\" href=\"https:\/\/claudeyacoub.com\/wp-content\/uploads\/2023\/03\/Yacoub-Portfolio-FR-2023-3-Web.pdf\" target=\"_blank\">T\u00e9l\u00e9charger Portfolio en fran\u00e7ais &#8211; Version courte<\/a> (24 pages, PDF &#8211; 2,6 Mo)<\/p> <p><a rel=\"noopener noreferrer\" href=\"https:\/\/claudeyacoub.com\/wp-content\/uploads\/2023\/03\/Yacoub-Portfolio-FR-2023-3-Web.pdf\" target=\"_blank\"><img decoding=\"async\" loading=\"lazy\" width=\"188\" height=\"243\" class=\"alignnone wp-image-45856\" src=\"https:\/\/claudeyacoub.com\/wp-content\/uploads\/2022\/03\/Yacoub-Portfolio-FR-2022-2-Couv.jpg\" alt=\"\" srcset=\"https:\/\/claudeyacoub.com\/wp-content\/uploads\/2022\/03\/Yacoub-Portfolio-FR-2022-2-Couv.jpg 1776w, https:\/\/claudeyacoub.com\/wp-content\/uploads\/2022\/03\/Yacoub-Portfolio-FR-2022-2-Couv-232x300.jpg 232w, https:\/\/claudeyacoub.com\/wp-content\/uploads\/2022\/03\/Yacoub-Portfolio-FR-2022-2-Couv-768x994.jpg 768w, https:\/\/claudeyacoub.com\/wp-content\/uploads\/2022\/03\/Yacoub-Portfolio-FR-2022-2-Couv-791x1024.jpg 791w\" sizes=\"(max-width: 188px) 100vw, 188px\" \/><\/a><\/p>  <p>\u00a0<\/p> <p><a rel=\"noopener noreferrer\" href=\"http:\/\/claudeyacoub.com\/?p=11412&amp;preview=true\" target=\"_blank\"><img decoding=\"async\" loading=\"lazy\" width=\"300\" height=\"206\" class=\"alignnone wp-image-11404 size-medium\" src=\"http:\/\/claudeyacoub.com\/wp-content\/uploads\/2019\/05\/classe1-sc-Cy-300x206.jpg\" alt=\"\" srcset=\"https:\/\/claudeyacoub.com\/wp-content\/uploads\/2019\/05\/classe1-sc-Cy-300x206.jpg 300w, https:\/\/claudeyacoub.com\/wp-content\/uploads\/2019\/05\/classe1-sc-Cy-768x528.jpg 768w, https:\/\/claudeyacoub.com\/wp-content\/uploads\/2019\/05\/classe1-sc-Cy-1024x704.jpg 1024w, https:\/\/claudeyacoub.com\/wp-content\/uploads\/2019\/05\/classe1-sc-Cy.jpg 1288w\" sizes=\"(max-width: 300px) 100vw, 300px\" \/><\/a><\/p> <p><a rel=\"noopener noreferrer\" href=\"http:\/\/claudeyacoub.com\/?p=11412&amp;preview=true\" target=\"_blank\">Mes photographies de classes, de la 11\u00e8me au S\u00e9minaire Coll\u00e8ge en Martinique (1967) \u00e0 ma terminale Bac F4 \u00e0 l&#8217;\u00c9cole des Sciences et techniques du B\u00e2timent (1982)<\/a><\/p><\/p>\n\n\n\n<p><\/p>\n\n\n\n<hr class=\"wp-block-separator has-alpha-channel-opacity\"\/>\n\n\n\n<p><strong>\u201c\u00c0 c\u0153ur ouvert\u201c, une \u00e9mission de Barbara Jean-Elie, Zitata TV<\/strong><br>Enregistrement le 13 juin 2023 (15 min. 52)<br><a rel=\"noreferrer noopener\" href=\"https:\/\/www.youtube.com\/watch?v=u78xavqNq5w\" target=\"_blank\">https:\/\/www.youtube.com\/watch?v=u78xavqNq5w<\/a><\/p>\n\n\n\n<figure class=\"wp-block-image size-full is-resized\"><a href=\"https:\/\/www.youtube.com\/watch?v=u78xavqNq5w\" target=\"_blank\" rel=\"noreferrer noopener\"><img decoding=\"async\" src=\"https:\/\/claudeyacoub.com\/wp-content\/uploads\/2023\/12\/A-Couer-Ouvert-Cy.jpg\" alt=\"\" class=\"wp-image-49204\" style=\"aspect-ratio:1.8360049321824907;width:534px;height:auto\"\/><\/a><\/figure>\n\n\n\n<p><p>\u00a0<\/p><span style=\"color: initial; font-family: -apple-system, BlinkMacSystemFont, &quot;Segoe UI&quot;, Roboto, Oxygen-Sans, Ubuntu, Cantarell, &quot;Helvetica Neue&quot;, sans-serif; font-size: revert;\"> <\/span><p><strong>\u201cLe nomade\u201c<br><\/strong>Entretien donn\u00e9 \u00e0 Dominique Brebion pour la revue Aica Cara\u00efbes du Sud : <a rel=\"noopener noreferrer\" href=\"https:\/\/aica-sc.net\/2023\/02\/23\/le-nomade\/?fbclid=IwAR03xXBxbl1hFDSZd2LVyudVcfRlRnSoF7QuWyyBRL2dXteZ3BywevCkI_E\" target=\"_blank\">cliquer ici<\/a><strong><br><\/strong>23 f\u00e9vrier 2023<\/p> <p><a rel=\"noopener noreferrer\" href=\"https:\/\/aica-sc.net\/2023\/02\/23\/le-nomade\/?fbclid=IwAR03xXBxbl1hFDSZd2LVyudVcfRlRnSoF7QuWyyBRL2dXteZ3BywevCkI_E\" target=\"_blank\"><img decoding=\"async\" loading=\"lazy\" width=\"273\" height=\"313\" class=\"alignnone  wp-image-48181\" src=\"https:\/\/claudeyacoub.com\/wp-content\/uploads\/2023\/03\/Capture-d\u2019e\u0301cran-2023-03-07-a\u0300-8.35.09-PM.png\" alt=\"\"><\/a><\/p> <p><strong>Archives articles de presse<\/strong><br><a rel=\"noopener noreferrer\" href=\"http:\/\/claudeyacoub.com\/wp-content\/uploads\/2019\/04\/Archives-Presse-Yacoub.pdf\" target=\"_blank\">Voir et t\u00e9l\u00e9charger ces documents, 1992 \u00e0 2002<\/a> (PDF &#8211; 5 Mo)<\/p> <p><a rel=\"noopener noreferrer\" href=\"http:\/\/claudeyacoub.com\/wp-content\/uploads\/2019\/04\/Archives-Presse-Yacoub.pdf\" target=\"_blank\"><img decoding=\"async\" loading=\"lazy\" width=\"258\" height=\"300\" class=\"alignnone wp-image-3635 size-medium\" src=\"http:\/\/claudeyacoub.com\/wp-content\/uploads\/2019\/04\/4-lien-archives-presse-yacoub-258x300.jpg\" alt=\"\" srcset=\"https:\/\/claudeyacoub.com\/wp-content\/uploads\/2019\/04\/4-lien-archives-presse-yacoub-258x300.jpg 258w, https:\/\/claudeyacoub.com\/wp-content\/uploads\/2019\/04\/4-lien-archives-presse-yacoub-768x894.jpg 768w, https:\/\/claudeyacoub.com\/wp-content\/uploads\/2019\/04\/4-lien-archives-presse-yacoub-880x1024.jpg 880w, https:\/\/claudeyacoub.com\/wp-content\/uploads\/2019\/04\/4-lien-archives-presse-yacoub.jpg 1368w\" sizes=\"(max-width: 258px) 100vw, 258px\" \/><\/a><\/p> <p>\u00a0<\/p>  <p>\u00a0<\/p> <p><a rel=\"noopener noreferrer\" href=\"http:\/\/claudeyacoub.com\/wp-content\/uploads\/2019\/05\/Poly-Syriennes-Cy.pdf\" target=\"_blank\"><img decoding=\"async\" loading=\"lazy\" width=\"300\" height=\"80\" class=\"alignnone wp-image-8683 size-medium\" src=\"http:\/\/claudeyacoub.com\/wp-content\/uploads\/2019\/05\/polyphonies-syriennes-Cy-300x80.jpg\" alt=\"\" srcset=\"https:\/\/claudeyacoub.com\/wp-content\/uploads\/2019\/05\/polyphonies-syriennes-Cy-300x80.jpg 300w, https:\/\/claudeyacoub.com\/wp-content\/uploads\/2019\/05\/polyphonies-syriennes-Cy.jpg 678w\" sizes=\"(max-width: 300px) 100vw, 300px\" \/><\/a><\/p> <p><strong>Claude Yacoub, le b\u00e2tisseur d&#8217;utopies\u00a0<\/strong><\/p> <p>Article de Claire Poinsignon dans NonFiction.fr, le quotidien des livres et des id\u00e9es, 28\/03\/2016<br>Dans la s\u00e9rie \u201cPolyphonies syriennes &#8211; Les intellectuels\u201c<strong><br><\/strong><a rel=\"noopener noreferrer\" href=\"http:\/\/claudeyacoub.com\/wp-content\/uploads\/2019\/05\/Poly-Syriennes-Cy.pdf\" target=\"_blank\">T\u00e9l\u00e9charger l&#8217;article<\/a> (PDF &#8211; 2,6 Mo)<\/p> <p>\u00a0<\/p>  <p>\u00a0<\/p> <p><strong>DIPL\u00d4MES<br><br><\/strong><\/p> <p><a href=\"http:\/\/claudeyacoub.com\/index.php\/2019\/03\/16\/doctorat\/\"><img decoding=\"async\" loading=\"lazy\" width=\"1196\" height=\"171\" class=\"alignnone wp-image-3613 size-full\" src=\"http:\/\/claudeyacoub.com\/wp-content\/uploads\/2019\/04\/3-lien-doctorat.jpg\" alt=\"\" srcset=\"https:\/\/claudeyacoub.com\/wp-content\/uploads\/2019\/04\/3-lien-doctorat.jpg 1196w, https:\/\/claudeyacoub.com\/wp-content\/uploads\/2019\/04\/3-lien-doctorat-300x43.jpg 300w, https:\/\/claudeyacoub.com\/wp-content\/uploads\/2019\/04\/3-lien-doctorat-768x110.jpg 768w, https:\/\/claudeyacoub.com\/wp-content\/uploads\/2019\/04\/3-lien-doctorat-1024x146.jpg 1024w\" sizes=\"(max-width: 1196px) 100vw, 1196px\" \/><\/a><br><a href=\"http:\/\/claudeyacoub.com\/index.php\/2019\/03\/16\/doctorat\/\"><strong>2011<\/strong> &#8211; <strong>Doctorat en Sciences de l&#8217;Information et de la Communication<\/strong> (SIC) \/ Universit\u00e9 Paris 8 = La main de l\u2019apprenti-concepteur dans la p\u00e9dagogie\u00a0du projet d&#8217;architecture face aux outils num\u00e9riques<\/a><br><br><a href=\"http:\/\/claudeyacoub.com\/index.php\/2019\/04\/02\/des-esa\/\"><img decoding=\"async\" loading=\"lazy\" width=\"1196\" height=\"171\" class=\"alignnone wp-image-3622 size-full\" src=\"http:\/\/claudeyacoub.com\/wp-content\/uploads\/2019\/04\/2-lien-des-esa.jpg\" alt=\"\" srcset=\"https:\/\/claudeyacoub.com\/wp-content\/uploads\/2019\/04\/2-lien-des-esa.jpg 1196w, https:\/\/claudeyacoub.com\/wp-content\/uploads\/2019\/04\/2-lien-des-esa-300x43.jpg 300w, https:\/\/claudeyacoub.com\/wp-content\/uploads\/2019\/04\/2-lien-des-esa-768x110.jpg 768w, https:\/\/claudeyacoub.com\/wp-content\/uploads\/2019\/04\/2-lien-des-esa-1024x146.jpg 1024w\" sizes=\"(max-width: 1196px) 100vw, 1196px\" \/><\/a><br><a href=\"http:\/\/claudeyacoub.com\/index.php\/2019\/04\/02\/des-esa\/\"><strong>2008<\/strong> &#8211; <strong>Dipl\u00f4me d&#8217;\u00c9tudes Sp\u00e9cialis\u00e9es \/ Ville en projet durable &amp; Architecture des milieux<\/strong> (DES-ESA) &#8211; 3\u00e8me cycle \/ \u00c9cole Sp\u00e9ciale d&#8217;Architecture = Damas 2062 &#8211; \u00c9ph\u00e9m\u00e8re : sc\u00e9nario des possibles<\/a><br><br><a rel=\"noopener noreferrer\" href=\"http:\/\/claudeyacoub.com\/index.php\/2019\/04\/02\/desa\/\" target=\"_blank\"><img decoding=\"async\" loading=\"lazy\" width=\"1196\" height=\"171\" class=\"alignnone wp-image-3616 size-full\" src=\"http:\/\/claudeyacoub.com\/wp-content\/uploads\/2019\/04\/1-lien-desa.jpg\" alt=\"\" srcset=\"https:\/\/claudeyacoub.com\/wp-content\/uploads\/2019\/04\/1-lien-desa.jpg 1196w, https:\/\/claudeyacoub.com\/wp-content\/uploads\/2019\/04\/1-lien-desa-300x43.jpg 300w, https:\/\/claudeyacoub.com\/wp-content\/uploads\/2019\/04\/1-lien-desa-768x110.jpg 768w, https:\/\/claudeyacoub.com\/wp-content\/uploads\/2019\/04\/1-lien-desa-1024x146.jpg 1024w\" sizes=\"(max-width: 1196px) 100vw, 1196px\" \/><\/a><a href=\"http:\/\/claudeyacoub.com\/index.php\/2019\/04\/02\/desa\/\"><strong>1989<\/strong> &#8211; <strong>Architecte \/ Dipl\u00f4me de l&#8217;\u00c9cole Sp\u00e9ciale d&#8217;Architecture (DESA)<\/strong> = Cr\u00e9olit\u00e9 et modernit\u00e9 \u00e0 la Martinique<\/a><\/p> <p><strong><a href=\"http:\/\/claudeyacoub.com\/index.php\/2019\/05\/11\/diplomes\/\">Voir dipl\u00f4mes<\/a><\/strong> : Doctorat, Dipl\u00f4me d&#8217;\u00c9tudes Sp\u00e9cialis\u00e9es, Architecte DESA, Relev\u00e9 d&#8217;Unit\u00e9s de Valeur (UV) des 5 ann\u00e9es \u00e0 l&#8217;ESA, \u00c9quivalence BTCA en Baccalaur\u00e9at, Brevet de Technicien en Collaborateur d&#8217;Architecte (BTCA), Brevet d&#8217;Etudes du Premier Cycle (BEPC)<\/p> <p><a href=\"http:\/\/claudeyacoub.com\/index.php\/2020\/05\/27\/diplomas-and-evaluations-usa\/\"><strong>See the English translation of these diplomas and their evaluation in USA<\/strong><\/a><\/p> <p><strong><a href=\"http:\/\/claudeyacoub.com\/index.php\/2019\/05\/11\/diplomes-autres-documents-en-arabe\/\">Voir les traductions en arabe de tous ces dipl\u00f4mes et de leurs documents annexes<\/a><\/strong><\/p> <p>\u00a0<\/p>  <p>\u00a0<\/p> <p><a href=\"http:\/\/claudeyacoub.com\/index.php\/2019\/05\/20\/caricatures-de-cy\/\"><img decoding=\"async\" loading=\"lazy\" width=\"300\" height=\"280\" class=\"alignnone wp-image-21913 size-medium\" src=\"http:\/\/claudeyacoub.com\/wp-content\/uploads\/2019\/06\/Caricature-Cy-Hanna-300x280.jpg\" alt=\"\" srcset=\"https:\/\/claudeyacoub.com\/wp-content\/uploads\/2019\/06\/Caricature-Cy-Hanna-300x280.jpg 300w, https:\/\/claudeyacoub.com\/wp-content\/uploads\/2019\/06\/Caricature-Cy-Hanna-768x716.jpg 768w, https:\/\/claudeyacoub.com\/wp-content\/uploads\/2019\/06\/Caricature-Cy-Hanna-1024x954.jpg 1024w, https:\/\/claudeyacoub.com\/wp-content\/uploads\/2019\/06\/Caricature-Cy-Hanna.jpg 1292w\" sizes=\"(max-width: 300px) 100vw, 300px\" \/><\/a><\/p> <p><a rel=\"noopener noreferrer\" href=\"http:\/\/claudeyacoub.com\/index.php\/2019\/05\/20\/caricatures-de-cy\/\" target=\"_blank\"><strong>Galerie d&#8217;images de 20 caricatures de Cy<\/strong><\/a><\/p> <p>\u00a0<\/p>  <p>\u00a0<\/p> <p><a href=\"http:\/\/claudeyacoub.com\/index.php\/2019\/12\/03\/cmy\/\"><img decoding=\"async\" loading=\"lazy\" width=\"1196\" height=\"171\" class=\"alignnone size-full wp-image-33954\" src=\"http:\/\/claudeyacoub.com\/wp-content\/uploads\/2019\/12\/cmy-feat.jpg\" alt=\"\" srcset=\"https:\/\/claudeyacoub.com\/wp-content\/uploads\/2019\/12\/cmy-feat.jpg 1196w, https:\/\/claudeyacoub.com\/wp-content\/uploads\/2019\/12\/cmy-feat-300x43.jpg 300w, https:\/\/claudeyacoub.com\/wp-content\/uploads\/2019\/12\/cmy-feat-768x110.jpg 768w, https:\/\/claudeyacoub.com\/wp-content\/uploads\/2019\/12\/cmy-feat-1024x146.jpg 1024w\" sizes=\"(max-width: 1196px) 100vw, 1196px\" \/><\/a><\/p> <p><a href=\"http:\/\/claudeyacoub.com\/index.php\/2019\/12\/03\/cmy\/\"><strong>Cmy<\/strong><\/a><\/p> <p>\u00a0<\/p>  <h3>\u00a0<\/h3> <h3><strong><a href=\"http:\/\/claudeyacoub.com\/index.php\/2019\/04\/05\/mercis\/\">Merci, merci, merci &#8230;<\/a><br><\/strong><\/h3> <p><a href=\"http:\/\/claudeyacoub.com\/index.php\/2019\/04\/05\/mercis\/\"><img decoding=\"async\" loading=\"lazy\" width=\"1196\" height=\"171\" class=\"alignnone wp-image-3789 size-full\" src=\"http:\/\/claudeyacoub.com\/wp-content\/uploads\/2019\/04\/image-lien-merci.jpg\" alt=\"\" srcset=\"https:\/\/claudeyacoub.com\/wp-content\/uploads\/2019\/04\/image-lien-merci.jpg 1196w, https:\/\/claudeyacoub.com\/wp-content\/uploads\/2019\/04\/image-lien-merci-300x43.jpg 300w, https:\/\/claudeyacoub.com\/wp-content\/uploads\/2019\/04\/image-lien-merci-768x110.jpg 768w, https:\/\/claudeyacoub.com\/wp-content\/uploads\/2019\/04\/image-lien-merci-1024x146.jpg 1024w\" sizes=\"(max-width: 1196px) 100vw, 1196px\" \/><\/a><\/p> <p>\u00a0<\/p>  <p>\u00a0<\/p> <p><a href=\"http:\/\/claudeyacoub.com\/index.php\/2019\/05\/30\/atelier-cy\/\"><img decoding=\"async\" loading=\"lazy\" width=\"750\" height=\"864\" class=\"aligncenter wp-image-6007 size-large\" src=\"http:\/\/claudeyacoub.com\/wp-content\/uploads\/2019\/05\/Envers-Marc-Alie-Cy-889x1024.jpg\" alt=\"\" srcset=\"https:\/\/claudeyacoub.com\/wp-content\/uploads\/2019\/05\/Envers-Marc-Alie-Cy-889x1024.jpg 889w, https:\/\/claudeyacoub.com\/wp-content\/uploads\/2019\/05\/Envers-Marc-Alie-Cy-260x300.jpg 260w, https:\/\/claudeyacoub.com\/wp-content\/uploads\/2019\/05\/Envers-Marc-Alie-Cy-768x885.jpg 768w\" sizes=\"(max-width: 750px) 100vw, 750px\" \/><\/a><\/p> <p>\u00a0<\/p>  <p>\u00a0<\/p> <p><img decoding=\"async\" loading=\"lazy\" width=\"300\" height=\"225\" class=\"wp-image-21883 size-medium aligncenter\" src=\"http:\/\/claudeyacoub.com\/wp-content\/uploads\/2019\/06\/jamais-retard-300x225.jpg\" alt=\"\" srcset=\"https:\/\/claudeyacoub.com\/wp-content\/uploads\/2019\/06\/jamais-retard-300x225.jpg 300w, https:\/\/claudeyacoub.com\/wp-content\/uploads\/2019\/06\/jamais-retard-768x577.jpg 768w, https:\/\/claudeyacoub.com\/wp-content\/uploads\/2019\/06\/jamais-retard.jpg 787w\" sizes=\"(max-width: 300px) 100vw, 300px\" \/><\/p><\/p>\n","protected":false},"excerpt":{"rendered":"<p>Email: contact@claudeyacoub.comMobile France: + 33 6 31 17 78 95Mobile USA: + 1 832 946 3635 (WhatsApp) Claude Yacoub graduated from \u00c9cole Sp\u00e9ciale d\u2019Architecture with&hellip; <\/p>\n","protected":false},"author":1,"featured_media":0,"parent":0,"menu_order":0,"comment_status":"closed","ping_status":"closed","template":"","meta":{"pgc_sgb_lightbox_settings":"","footnotes":""},"_links":{"self":[{"href":"https:\/\/claudeyacoub.com\/index.php\/wp-json\/wp\/v2\/pages\/5"}],"collection":[{"href":"https:\/\/claudeyacoub.com\/index.php\/wp-json\/wp\/v2\/pages"}],"about":[{"href":"https:\/\/claudeyacoub.com\/index.php\/wp-json\/wp\/v2\/types\/page"}],"author":[{"embeddable":true,"href":"https:\/\/claudeyacoub.com\/index.php\/wp-json\/wp\/v2\/users\/1"}],"replies":[{"embeddable":true,"href":"https:\/\/claudeyacoub.com\/index.php\/wp-json\/wp\/v2\/comments?post=5"}],"version-history":[{"count":131,"href":"https:\/\/claudeyacoub.com\/index.php\/wp-json\/wp\/v2\/pages\/5\/revisions"}],"predecessor-version":[{"id":50847,"href":"https:\/\/claudeyacoub.com\/index.php\/wp-json\/wp\/v2\/pages\/5\/revisions\/50847"}],"wp:attachment":[{"href":"https:\/\/claudeyacoub.com\/index.php\/wp-json\/wp\/v2\/media?parent=5"}],"curies":[{"name":"wp","href":"https:\/\/api.w.org\/{rel}","templated":true}]}}