{"id":37631,"date":"2020-03-22T20:08:53","date_gmt":"2020-03-22T19:08:53","guid":{"rendered":"http:\/\/claudeyacoub.com\/?page_id=37631"},"modified":"2023-06-16T14:09:35","modified_gmt":"2023-06-16T12:09:35","slug":"online-course","status":"publish","type":"page","link":"https:\/\/claudeyacoub.com\/index.php\/pedagogies\/online-course\/","title":{"rendered":"Online Course"},"content":{"rendered":"<p><strong><a href=\"http:\/\/claudeyacoub.com\/wp-content\/uploads\/2020\/06\/Cy-OC-Video1-Intro.pdf\" target=\"_blank\" rel=\"noopener noreferrer\"><img decoding=\"async\" loading=\"lazy\" class=\"alignnone wp-image-38096 size-medium\" src=\"http:\/\/claudeyacoub.com\/wp-content\/uploads\/2020\/04\/Etoiles-Apollinaire-200x300.jpg\" alt=\"\" width=\"200\" height=\"300\" srcset=\"https:\/\/claudeyacoub.com\/wp-content\/uploads\/2020\/04\/Etoiles-Apollinaire-200x300.jpg 200w, https:\/\/claudeyacoub.com\/wp-content\/uploads\/2020\/04\/Etoiles-Apollinaire.jpg 500w\" sizes=\"(max-width: 200px) 100vw, 200px\" \/><\/a><\/strong><\/p>\n<p><a href=\"http:\/\/claudeyacoub.com\/wp-content\/uploads\/2020\/06\/OC1-540p-Cy.mp4\" target=\"_blank\" rel=\"noopener noreferrer\"><strong>\u00c0 VOS PROJETS CITOYENS\u00a0!<\/strong><\/a><\/p>\n<p><a href=\"http:\/\/claudeyacoub.com\/wp-content\/uploads\/2020\/06\/OC1-540p-Cy.mp4\" target=\"_blank\" rel=\"noopener noreferrer\"><img decoding=\"async\" loading=\"lazy\" class=\"alignnone wp-image-39180 size-large\" src=\"http:\/\/claudeyacoub.com\/wp-content\/uploads\/2020\/06\/OC1-Video-Intro-1024x301.jpg\" alt=\"\" width=\"750\" height=\"220\" srcset=\"https:\/\/claudeyacoub.com\/wp-content\/uploads\/2020\/06\/OC1-Video-Intro-1024x301.jpg 1024w, https:\/\/claudeyacoub.com\/wp-content\/uploads\/2020\/06\/OC1-Video-Intro-300x88.jpg 300w, https:\/\/claudeyacoub.com\/wp-content\/uploads\/2020\/06\/OC1-Video-Intro-768x225.jpg 768w, https:\/\/claudeyacoub.com\/wp-content\/uploads\/2020\/06\/OC1-Video-Intro.jpg 1196w\" sizes=\"(max-width: 750px) 100vw, 750px\" \/><\/a><\/p>\n<p><strong>Domaines<\/strong><br \/>\nArchitecture &#8211;\u00a0Urbanisme &#8211;\u00a0Design humanitaire &#8211; Design industriel &#8211; Web Design &#8211;\u00a0Installations artistiques<\/p>\n<p>&nbsp;<\/p>\n<p><strong>Particulier ou Groupe <\/strong>(de 3 personnes maximum)<br \/>\nSur Skype, Google Hangouts ou autre plateforme de messagerie instantan\u00e9e et de vid\u00e9oconf\u00e9rence \u00e0 d\u00e9finir.<\/p>\n<p>&nbsp;<\/p>\n<p><strong>Axes p\u00e9dagogiques<br \/>\n<\/strong>Accompagnement personnalis\u00e9.<br \/>\nM\u00e9thodologie, management et conception de projets.<br \/>\nGestion d\u2019un agenda.<br \/>\nPortfolios et\u00a0M\u00e9moires (licence, master, doctorat)\u00a0: probl\u00e9matiques, plans, corrections, r\u00e9dactions, etc.<\/p>\n<p>&nbsp;<\/p>\n<p><strong>M\u00e9thodes<\/strong><br \/>\nBrainstorming &#8211;\u00a0Images mentales &#8211;\u00a0Mind Mapping &#8211; Kanban (d\u00e9veloppement), Project Management Body of Knowledge (PMBOK) &#8211; &#8230;<\/p>\n<p>&nbsp;<\/p>\n<p><strong>Supports de cours<br \/>\n<\/strong>Vid\u00e9os de cours &#8211; Diaporamas de cours et de m\u00e9thodologies &#8211; Exercices projets &#8211; Exemples de projets d\u2019\u00e9tudiants &#8211; Etc.<\/p>\n<p>&nbsp;<\/p>\n<p><strong>Niveau d\u2019\u00e9tudes<\/strong><br \/>\n&#8211; Licence, Master et Doctorat.<br \/>\n&#8211; Pr\u00e9paration \u00e0 une entr\u00e9e dans une \u00e9cole ou universit\u00e9 d\u2019architecture, de design ou de tout autre structure p\u00e9dagogique de conception (publique ou priv\u00e9e).<br \/>\n&#8211; Aide pour le montage de dossier du type Campus France.<\/p>\n<p>&nbsp;<\/p>\n<p><strong>Tarifs<\/strong><br \/>\nHoraires ou forfaitaires selon le profil de l\u2019\u00e9tudiant (ou du groupe) et de sa demande.<br \/>\nLe premier cours est gratuit, pour une prise de contact, une \u00e9tude des besoins et l\u2019\u00e9laboration d\u2019un agenda personnalis\u00e9 (s\u00e9ances de travail, de rendu et de correction).<\/p>\n<p>&nbsp;<\/p>\n<p><strong>Contact<\/strong><br \/>\nPour toute demande de pr\u00e9cisions et pour un devis personnalis\u00e9 m\u2019\u00e9crire \u00e0 <a href=\"mailto:claude.yacoub@gmail.com\">claude.yacoub@gmail.com<\/a> en me pr\u00e9sentant au mieux votre profil, vos attentes et objectifs.<\/p>\n<p>&nbsp;<\/p>\n<hr \/>\n<p>&nbsp;<\/p>\n<p><a href=\"http:\/\/claudeyacoub.com\/index.php\/2020\/04\/02\/projet\/\" target=\"_blank\" rel=\"noopener noreferrer\"><img decoding=\"async\" loading=\"lazy\" class=\"alignnone wp-image-38106 size-medium\" src=\"http:\/\/claudeyacoub.com\/wp-content\/uploads\/2020\/04\/Richarth-Cy-300x225.jpg\" alt=\"\" width=\"300\" height=\"225\" srcset=\"https:\/\/claudeyacoub.com\/wp-content\/uploads\/2020\/04\/Richarth-Cy-300x225.jpg 300w, https:\/\/claudeyacoub.com\/wp-content\/uploads\/2020\/04\/Richarth-Cy-768x576.jpg 768w, https:\/\/claudeyacoub.com\/wp-content\/uploads\/2020\/04\/Richarth-Cy-1024x768.jpg 1024w\" sizes=\"(max-width: 300px) 100vw, 300px\" \/><\/a><\/p>\n<p><strong>Texte Projet &amp; Conception<\/strong><br \/>\nLe projet identifie donc la facult\u00e9 propre \u00e0 l&#8217;homme de fonder son devenir. Cet acte de toujours avancer avec des d\u00e9sirs de changement, avec comme m\u00e9dian l\u2019imagination ; son ambigu\u00eft\u00e9 et ses diff\u00e9rents sens pouvant nous maintenir la t\u00eate hors de l\u2019eau, l\u2019espoir en banni\u00e8re, tant qu\u2019il nous maintient cette esp\u00e9rance de pouvoir changer le monde.<\/p>\n<p>Lire tout l&#8217;article : <a href=\"http:\/\/claudeyacoub.com\/index.php\/2020\/04\/02\/projet\/\"><strong>cliquer ici<\/strong><\/a><\/p>\n<p><a href=\"http:\/\/claudeyacoub.com\/index.php\/2020\/04\/02\/projet\/\"><img decoding=\"async\" loading=\"lazy\" class=\"alignnone wp-image-39874 size-large\" src=\"http:\/\/claudeyacoub.com\/wp-content\/uploads\/2020\/07\/Question-Reponse-MTL-Cy-1024x348.jpg\" alt=\"\" width=\"750\" height=\"255\" srcset=\"https:\/\/claudeyacoub.com\/wp-content\/uploads\/2020\/07\/Question-Reponse-MTL-Cy-1024x348.jpg 1024w, https:\/\/claudeyacoub.com\/wp-content\/uploads\/2020\/07\/Question-Reponse-MTL-Cy-300x102.jpg 300w, https:\/\/claudeyacoub.com\/wp-content\/uploads\/2020\/07\/Question-Reponse-MTL-Cy-768x261.jpg 768w\" sizes=\"(max-width: 750px) 100vw, 750px\" \/><\/a><\/p>\n<p>&nbsp;<\/p>\n<hr \/>\n<p>&nbsp;<\/p>\n<p><strong><a href=\"http:\/\/claudeyacoub.com\/index.php\/2020\/06\/14\/betisier-oc1\/\">B\u00eatisier<\/a><br \/>\n<\/strong>Prendre tout (tr\u00e8s) au s\u00e9rieux, mais surtout pas soi !<\/p>\n<p><a href=\"http:\/\/claudeyacoub.com\/index.php\/2020\/06\/14\/betisier-oc1\/\"><img decoding=\"async\" loading=\"lazy\" class=\"alignnone wp-image-39209 size-medium\" src=\"http:\/\/claudeyacoub.com\/wp-content\/uploads\/2020\/06\/OC1-Betisier-300x88.jpg\" alt=\"\" width=\"300\" height=\"88\" srcset=\"https:\/\/claudeyacoub.com\/wp-content\/uploads\/2020\/06\/OC1-Betisier-300x88.jpg 300w, https:\/\/claudeyacoub.com\/wp-content\/uploads\/2020\/06\/OC1-Betisier-768x225.jpg 768w, https:\/\/claudeyacoub.com\/wp-content\/uploads\/2020\/06\/OC1-Betisier-1024x301.jpg 1024w, https:\/\/claudeyacoub.com\/wp-content\/uploads\/2020\/06\/OC1-Betisier.jpg 1196w\" sizes=\"(max-width: 300px) 100vw, 300px\" \/><\/a><\/p>\n","protected":false},"excerpt":{"rendered":"<p>\u00c0 VOS PROJETS CITOYENS\u00a0! Domaines Architecture &#8211;\u00a0Urbanisme &#8211;\u00a0Design humanitaire &#8211; Design industriel &#8211; Web Design &#8211;\u00a0Installations artistiques &nbsp; Particulier ou Groupe (de 3 personnes maximum)&hellip; <\/p>\n","protected":false},"author":1,"featured_media":0,"parent":12,"menu_order":0,"comment_status":"closed","ping_status":"closed","template":"","meta":{"pgc_sgb_lightbox_settings":"","footnotes":""},"_links":{"self":[{"href":"https:\/\/claudeyacoub.com\/index.php\/wp-json\/wp\/v2\/pages\/37631"}],"collection":[{"href":"https:\/\/claudeyacoub.com\/index.php\/wp-json\/wp\/v2\/pages"}],"about":[{"href":"https:\/\/claudeyacoub.com\/index.php\/wp-json\/wp\/v2\/types\/page"}],"author":[{"embeddable":true,"href":"https:\/\/claudeyacoub.com\/index.php\/wp-json\/wp\/v2\/users\/1"}],"replies":[{"embeddable":true,"href":"https:\/\/claudeyacoub.com\/index.php\/wp-json\/wp\/v2\/comments?post=37631"}],"version-history":[{"count":69,"href":"https:\/\/claudeyacoub.com\/index.php\/wp-json\/wp\/v2\/pages\/37631\/revisions"}],"predecessor-version":[{"id":39877,"href":"https:\/\/claudeyacoub.com\/index.php\/wp-json\/wp\/v2\/pages\/37631\/revisions\/39877"}],"up":[{"embeddable":true,"href":"https:\/\/claudeyacoub.com\/index.php\/wp-json\/wp\/v2\/pages\/12"}],"wp:attachment":[{"href":"https:\/\/claudeyacoub.com\/index.php\/wp-json\/wp\/v2\/media?parent=37631"}],"curies":[{"name":"wp","href":"https:\/\/api.w.org\/{rel}","templated":true}]}}